{"id":285,"date":"2020-08-17T16:14:31","date_gmt":"2020-08-17T16:14:31","guid":{"rendered":"https:\/\/startersites.io\/blocksy\/business\/?page_id=285"},"modified":"2024-12-11T12:13:49","modified_gmt":"2024-12-11T11:13:49","slug":"contact","status":"publish","type":"page","link":"https:\/\/hoodclamshell.com\/en\/contact\/","title":{"rendered":"Contact"},"content":{"rendered":"\t\t<div data-elementor-type=\"wp-page\" data-elementor-id=\"285\" class=\"elementor elementor-285\">\n\t\t\t\t\t\t<section class=\"elementor-section elementor-top-section elementor-element elementor-element-166eefda ct-section-stretched elementor-section-boxed elementor-section-height-default elementor-section-height-default\" data-id=\"166eefda\" data-element_type=\"section\" data-e-type=\"section\" data-settings=\"{&quot;background_background&quot;:&quot;classic&quot;}\">\n\t\t\t\t\t\t\t<div class=\"elementor-background-overlay\"><\/div>\n\t\t\t\t\t\t\t<div class=\"elementor-container elementor-column-gap-default\">\n\t\t\t\t\t<div class=\"elementor-column elementor-col-100 elementor-top-column elementor-element elementor-element-fae3fc5\" data-id=\"fae3fc5\" data-element_type=\"column\" data-e-type=\"column\">\n\t\t\t<div class=\"elementor-widget-wrap elementor-element-populated\">\n\t\t\t\t\t\t<div class=\"elementor-element elementor-element-06a58a0 elementor-widget elementor-widget-image\" data-id=\"06a58a0\" data-element_type=\"widget\" data-e-type=\"widget\" data-widget_type=\"image.default\">\n\t\t\t\t<div class=\"elementor-widget-container\">\n\t\t\t\t\t\t\t\t\t\t\t\t\t\t\t<img fetchpriority=\"high\" decoding=\"async\" width=\"1024\" height=\"377\" src=\"https:\/\/hoodclamshell.com\/wp-content\/uploads\/2024\/12\/CND-Coquille-de-reniflage-iso-kf-1024x377.jpg\" class=\"attachment-large size-large wp-image-922\" alt=\"CND LT contr\u00f4le non destructif coquille de reniflage taux fuite helium soudure reniflage boite depression ressuage\" srcset=\"https:\/\/hoodclamshell.com\/wp-content\/uploads\/2024\/12\/CND-Coquille-de-reniflage-iso-kf-1024x377.jpg 1024w, https:\/\/hoodclamshell.com\/wp-content\/uploads\/2024\/12\/CND-Coquille-de-reniflage-iso-kf-300x110.jpg 300w, https:\/\/hoodclamshell.com\/wp-content\/uploads\/2024\/12\/CND-Coquille-de-reniflage-iso-kf-768x282.jpg 768w, https:\/\/hoodclamshell.com\/wp-content\/uploads\/2024\/12\/CND-Coquille-de-reniflage-iso-kf-1536x565.jpg 1536w, https:\/\/hoodclamshell.com\/wp-content\/uploads\/2024\/12\/CND-Coquille-de-reniflage-iso-kf-2048x753.jpg 2048w\" sizes=\"(max-width: 1024px) 100vw, 1024px\" \/>\t\t\t\t\t\t\t\t\t\t\t\t\t\t\t<\/div>\n\t\t\t\t<\/div>\n\t\t\t\t\t<\/div>\n\t\t<\/div>\n\t\t\t\t\t<\/div>\n\t\t<\/section>\n\t\t\t\t<section class=\"elementor-section elementor-top-section elementor-element elementor-element-4f86aa3f elementor-section-boxed elementor-section-height-default elementor-section-height-default\" data-id=\"4f86aa3f\" data-element_type=\"section\" data-e-type=\"section\">\n\t\t\t\t\t\t<div class=\"elementor-container elementor-column-gap-default\">\n\t\t\t\t\t<div class=\"elementor-column elementor-col-100 elementor-top-column elementor-element elementor-element-2af544d7\" data-id=\"2af544d7\" data-element_type=\"column\" data-e-type=\"column\">\n\t\t\t<div class=\"elementor-widget-wrap elementor-element-populated\">\n\t\t\t\t\t\t<div class=\"elementor-element elementor-element-7d258186 elementor-widget elementor-widget-heading\" data-id=\"7d258186\" data-element_type=\"widget\" data-e-type=\"widget\" data-widget_type=\"heading.default\">\n\t\t\t\t<div class=\"elementor-widget-container\">\n\t\t\t\t\t<h2 class=\"elementor-heading-title elementor-size-default\">Contactez nous<\/h2>\t\t\t\t<\/div>\n\t\t\t\t<\/div>\n\t\t\t\t<div class=\"elementor-element elementor-element-398b5698 elementor-widget elementor-widget-text-editor\" data-id=\"398b5698\" data-element_type=\"widget\" data-e-type=\"widget\" data-widget_type=\"text-editor.default\">\n\t\t\t\t<div class=\"elementor-widget-container\">\n\t\t\t\t\t\t\t\t\t<p>Veuillez saisir votre demande ci-dessous, nous vous r\u00e9pondrons dans les plus brefs d\u00e9lais.<\/p>\t\t\t\t\t\t\t\t<\/div>\n\t\t\t\t<\/div>\n\t\t\t\t\t<\/div>\n\t\t<\/div>\n\t\t\t\t\t<\/div>\n\t\t<\/section>\n\t\t\t\t<section class=\"elementor-section elementor-top-section elementor-element elementor-element-f4a38dd elementor-section-boxed elementor-section-height-default elementor-section-height-default\" data-id=\"f4a38dd\" data-element_type=\"section\" data-e-type=\"section\">\n\t\t\t\t\t\t<div class=\"elementor-container elementor-column-gap-default\">\n\t\t\t\t\t<div class=\"elementor-column elementor-col-100 elementor-top-column elementor-element elementor-element-bc65e97\" data-id=\"bc65e97\" data-element_type=\"column\" data-e-type=\"column\">\n\t\t\t<div class=\"elementor-widget-wrap elementor-element-populated\">\n\t\t\t\t\t\t<div class=\"elementor-element elementor-element-c8fdcdc elementor-widget elementor-widget-wpforms\" data-id=\"c8fdcdc\" data-element_type=\"widget\" data-e-type=\"widget\" data-widget_type=\"wpforms.default\">\n\t\t\t\t<div class=\"elementor-widget-container\">\n\t\t\t\t\t<div class=\"wpforms-container wpforms-render-modern\" id=\"wpforms-306\"><form id=\"wpforms-form-306\" class=\"wpforms-validate wpforms-form\" data-formid=\"306\" method=\"post\" enctype=\"multipart\/form-data\" action=\"\/en\/wp-json\/wp\/v2\/pages\/285\" data-token=\"4c8e0a54c31eaf6c0f63b29ddc547d7d\" data-token-time=\"1776351769\"><noscript class=\"wpforms-error-noscript\">Please enable JavaScript in your browser to complete this form.<\/noscript><div id=\"wpforms-error-noscript\" style=\"display: none;\">Please enable JavaScript in your browser to complete this form.<\/div><div class=\"wpforms-field-container\"><div id=\"wpforms-306-field_0-container\" class=\"wpforms-field wpforms-field-name\" data-field-id=\"0\"><label class=\"wpforms-field-label\" for=\"wpforms-306-field_0\">Nom <span class=\"wpforms-required-label\" aria-hidden=\"true\">*<\/span><\/label><input type=\"text\" id=\"wpforms-306-field_0\" class=\"wpforms-field-large wpforms-field-required\" name=\"wpforms[fields][0]\" aria-errormessage=\"wpforms-306-field_0-error\" required><\/div>\t\t<div id=\"wpforms-306-field_4-container\"\n\t\t\tclass=\"wpforms-field wpforms-field-text\"\n\t\t\tdata-field-type=\"text\"\n\t\t\tdata-field-id=\"4\"\n\t\t\t>\n\t\t\t<label class=\"wpforms-field-label\" for=\"wpforms-306-field_4\" >Message Sujet Adresse<\/label>\n\t\t\t<input type=\"text\" id=\"wpforms-306-field_4\" class=\"wpforms-field-medium\" name=\"wpforms[fields][4]\" >\n\t\t<\/div>\n\t\t<div id=\"wpforms-306-field_1-container\" class=\"wpforms-field wpforms-field-email\" data-field-id=\"1\"><label class=\"wpforms-field-label\" for=\"wpforms-306-field_1\">Adresse email <span class=\"wpforms-required-label\" aria-hidden=\"true\">*<\/span><\/label><input type=\"email\" id=\"wpforms-306-field_1\" class=\"wpforms-field-large wpforms-field-required\" name=\"wpforms[fields][1]\" spellcheck=\"false\" aria-errormessage=\"wpforms-306-field_1-error\" required><\/div><div id=\"wpforms-306-field_3-container\" class=\"wpforms-field wpforms-field-text\" data-field-id=\"3\"><label class=\"wpforms-field-label\" for=\"wpforms-306-field_3\">Sujet<\/label><input type=\"text\" id=\"wpforms-306-field_3\" class=\"wpforms-field-large\" name=\"wpforms[fields][3]\" aria-errormessage=\"wpforms-306-field_3-error\" ><\/div><div id=\"wpforms-306-field_2-container\" class=\"wpforms-field wpforms-field-textarea\" data-field-id=\"2\"><label class=\"wpforms-field-label\" for=\"wpforms-306-field_2\">Message <span class=\"wpforms-required-label\" aria-hidden=\"true\">*<\/span><\/label><textarea id=\"wpforms-306-field_2\" class=\"wpforms-field-large wpforms-field-required\" name=\"wpforms[fields][2]\" aria-errormessage=\"wpforms-306-field_2-error\" required><\/textarea><\/div><script>\n\t\t\t\t( function() {\n\t\t\t\t\tconst style = document.createElement( 'style' );\n\t\t\t\t\tstyle.appendChild( document.createTextNode( '#wpforms-306-field_4-container { position: absolute !important; overflow: hidden !important; display: inline !important; height: 1px !important; width: 1px !important; z-index: -1000 !important; padding: 0 !important; } #wpforms-306-field_4-container input { visibility: hidden; } #wpforms-conversational-form-page #wpforms-306-field_4-container label { counter-increment: none; }' ) );\n\t\t\t\t\tdocument.head.appendChild( style );\n\t\t\t\t\tdocument.currentScript?.remove();\n\t\t\t\t} )();\n\t\t\t<\/script><\/div><!-- .wpforms-field-container --><div class=\"wpforms-submit-container\" ><input type=\"hidden\" name=\"wpforms[id]\" value=\"306\"><input type=\"hidden\" name=\"page_title\" value=\"\"><input type=\"hidden\" name=\"page_url\" value=\"https:\/\/hoodclamshell.com\/en\/wp-json\/wp\/v2\/pages\/285\"><input type=\"hidden\" name=\"url_referer\" value=\"\"><button type=\"submit\" name=\"wpforms[submit]\" id=\"wpforms-submit-306\" class=\"wpforms-submit\" data-alt-text=\"Envoi...\" data-submit-text=\"Envoyer message\" aria-live=\"assertive\" value=\"wpforms-submit\">Envoyer message<\/button><\/div><\/form><\/div>  <!-- .wpforms-container -->\t\t\t\t<\/div>\n\t\t\t\t<\/div>\n\t\t\t\t\t<\/div>\n\t\t<\/div>\n\t\t\t\t\t<\/div>\n\t\t<\/section>\n\t\t\t\t<\/div>\n\t\t","protected":false},"excerpt":{"rendered":"<p>Contactez nous Veuillez saisir votre demande ci-dessous, nous vous r\u00e9pondrons dans les plus brefs d\u00e9lais. Veuillez activer JavaScript dans votre navigateur pour remplir ce formulaire.Veuillez activer JavaScript dans votre navigateur pour remplir ce formulaire.Nom *Adresse email *SujectMessage * Envoyer message<\/p>","protected":false},"author":1,"featured_media":0,"parent":0,"menu_order":0,"comment_status":"closed","ping_status":"closed","template":"","meta":{"footnotes":""},"class_list":["post-285","page","type-page","status-publish","hentry"],"blocksy_meta":{"page_title_panel":"","has_hero_section":"disabled","bc159c5af2a03de5c75561ba297140d8":"","hero_section":"type-1","hero_elements":[{"id":"custom_title","enabled":true,"heading_tag":"h1","title":"Home"},{"id":"custom_description","enabled":true,"description_visibility":{"desktop":true,"tablet":true,"mobile":false}},{"id":"custom_meta","enabled":false,"meta_elements":[{"id":"author","enabled":true,"label":"By","has_author_avatar":"yes","avatar_size":25},{"id":"post_date","enabled":true,"label":"On","date_format_source":"default","date_format":"M j, Y"},{"id":"comments","enabled":true}],"page_meta_elements":{"joined":true,"articles_count":true,"comments":true}},{"id":"breadcrumbs","enabled":false}],"df3eb590217e0ce26e832da2c07e7ca6":"","hero_alignment1":"left","hero_alignment2":"center","hero_vertical_alignment":"center","19d24a625abe62e6d16b259439e9cba0":"","hero_structure":"narrow","a3dd00aea12a8c52bdc0775015a386ce":"","page_title_bg_type":"featured_image","custom_hero_background":{"attachment_id":null},"parallax":{"desktop":false,"tablet":false,"mobile":false},"007fc1b0d7d7ea0d9823538a36652bf9":"","hero_height":"250px","pageTitleFont":{"family":"Default","variation":"Default","size":{"desktop":"32px","tablet":"30px","mobile":"25px"},"line-height":"CT_CSS_SKIP_RULE","letter-spacing":"CT_CSS_SKIP_RULE","text-transform":"CT_CSS_SKIP_RULE","text-decoration":"CT_CSS_SKIP_RULE"},"pageTitleFontColor":{"default":{"color":"CT_CSS_SKIP_RULEDEFAULT"}},"pageMetaFont":{"family":"Default","variation":"n6","size":"12px","line-height":"1.3","letter-spacing":"CT_CSS_SKIP_RULE","text-transform":"uppercase","text-decoration":"CT_CSS_SKIP_RULE"},"pageMetaFontColor":{"default":{"color":"CT_CSS_SKIP_RULEDEFAULT"},"hover":{"color":"CT_CSS_SKIP_RULEDEFAULT"}},"pageExcerptFont":{"family":"Default","variation":"Default","size":"CT_CSS_SKIP_RULE","line-height":"CT_CSS_SKIP_RULE","letter-spacing":"CT_CSS_SKIP_RULE","text-transform":"CT_CSS_SKIP_RULE","text-decoration":"CT_CSS_SKIP_RULE"},"pageExcerptColor":{"default":{"color":"CT_CSS_SKIP_RULEDEFAULT"}},"breadcrumbsFont":{"family":"Default","variation":"n6","size":"12px","line-height":"CT_CSS_SKIP_RULE","letter-spacing":"CT_CSS_SKIP_RULE","text-transform":"uppercase","text-decoration":"CT_CSS_SKIP_RULE"},"breadcrumbsFontColor":{"default":{"color":"CT_CSS_SKIP_RULEDEFAULT"},"initial":{"color":"CT_CSS_SKIP_RULEDEFAULT"},"hover":{"color":"CT_CSS_SKIP_RULEDEFAULT"}},"pageTitleOverlay":{"default":{"color":"rgba(41, 51, 60, 0.2)"}},"pageTitleBackground":{"background_type":"color","background_pattern":"type-1","background_image":{"attachment_id":null,"x":0,"y":0},"background_repeat":"no-repeat","background_size":"auto","background_attachment":"scroll","patternColor":{"default":{"color":"#e5e7ea"}},"backgroundColor":{"default":{"color":"#EDEFF2"}}},"806cf646dc975203c3ef573b498d2a6c":"","page_structure_type":"default","content_style":"inherit","vertical_spacing_source":"custom","content_area_spacing":"none","background":{"background_type":"color","background_pattern":"type-1","background_image":{"attachment_id":null,"x":0,"y":0},"background_repeat":"no-repeat","background_size":"auto","background_attachment":"scroll","patternColor":{"default":{"color":"#e5e7ea"}},"backgroundColor":{"default":{"color":"CT_CSS_SKIP_RULE"}}},"content_background":{"background_type":"color","background_pattern":"type-1","background_image":{"attachment_id":null,"x":0,"y":0},"background_repeat":"no-repeat","background_size":"auto","background_attachment":"scroll","patternColor":{"default":{"color":"#e5e7ea"}},"backgroundColor":{"default":{"color":"#ffffff"}}},"content_boxed_spacing":{"desktop":"40px","tablet":"35px","mobile":"20px"},"content_boxed_radius":{"top":"3px","bottom":"3px","left":"3px","right":"3px","linked":true},"content_boxed_shadow":{"blur":18,"spread":-6,"v_offset":12,"h_offset":0,"inset":false,"enable":true,"color":{"color":"rgba(34, 56, 101, 0.04)"}},"19c6ff9349ac0932d7247f0e755658ea":"","disable_featured_image":"no","disable_header":"no","disable_footer":"no","styles_descriptor":{"styles":{"desktop":"","tablet":"","mobile":""},"google_fonts":[]}},"yoast_head":"<!-- This site is optimized with the Yoast SEO plugin v27.4 - https:\/\/yoast.com\/product\/yoast-seo-wordpress\/ -->\n<title>Contact - 3S - HOOD CLAMSHELL<\/title>\n<meta name=\"robots\" content=\"index, follow, max-snippet:-1, max-image-preview:large, max-video-preview:-1\" \/>\n<link rel=\"canonical\" href=\"https:\/\/hoodclamshell.com\/en\/contact\/\" \/>\n<meta property=\"og:locale\" content=\"en_US\" \/>\n<meta property=\"og:type\" content=\"article\" \/>\n<meta property=\"og:title\" content=\"Contact - 3S - HOOD CLAMSHELL\" \/>\n<meta property=\"og:description\" content=\"Contactez nous Veuillez saisir votre demande ci-dessous, nous vous r\u00e9pondrons dans les plus brefs d\u00e9lais. Veuillez activer JavaScript dans votre navigateur pour remplir ce formulaire.Veuillez activer JavaScript dans votre navigateur pour remplir ce formulaire.Nom *Adresse email *SujectMessage * Envoyer message\" \/>\n<meta property=\"og:url\" content=\"https:\/\/hoodclamshell.com\/en\/contact\/\" \/>\n<meta property=\"og:site_name\" content=\"3S - HOOD CLAMSHELL\" \/>\n<meta property=\"article:modified_time\" content=\"2024-12-11T11:13:49+00:00\" \/>\n<meta property=\"og:image\" content=\"https:\/\/hoodclamshell.com\/wp-content\/uploads\/2024\/12\/CND-Coquille-de-reniflage-iso-kf-scaled.jpg\" \/>\n\t<meta property=\"og:image:width\" content=\"2560\" \/>\n\t<meta property=\"og:image:height\" content=\"942\" \/>\n\t<meta property=\"og:image:type\" content=\"image\/jpeg\" \/>\n<meta name=\"twitter:card\" content=\"summary_large_image\" \/>\n<script type=\"application\/ld+json\" class=\"yoast-schema-graph\">{\"@context\":\"https:\\\/\\\/schema.org\",\"@graph\":[{\"@type\":\"WebPage\",\"@id\":\"https:\\\/\\\/hoodclamshell.com\\\/contact\\\/\",\"url\":\"https:\\\/\\\/hoodclamshell.com\\\/contact\\\/\",\"name\":\"Contact - 3S - HOOD CLAMSHELL\",\"isPartOf\":{\"@id\":\"https:\\\/\\\/hoodclamshell.com\\\/#website\"},\"primaryImageOfPage\":{\"@id\":\"https:\\\/\\\/hoodclamshell.com\\\/contact\\\/#primaryimage\"},\"image\":{\"@id\":\"https:\\\/\\\/hoodclamshell.com\\\/contact\\\/#primaryimage\"},\"thumbnailUrl\":\"https:\\\/\\\/hoodclamshell.com\\\/wp-content\\\/uploads\\\/2024\\\/12\\\/CND-Coquille-de-reniflage-iso-kf-1024x377.jpg\",\"datePublished\":\"2020-08-17T16:14:31+00:00\",\"dateModified\":\"2024-12-11T11:13:49+00:00\",\"breadcrumb\":{\"@id\":\"https:\\\/\\\/hoodclamshell.com\\\/contact\\\/#breadcrumb\"},\"inLanguage\":\"en-US\",\"potentialAction\":[{\"@type\":\"ReadAction\",\"target\":[\"https:\\\/\\\/hoodclamshell.com\\\/contact\\\/\"]}]},{\"@type\":\"ImageObject\",\"inLanguage\":\"en-US\",\"@id\":\"https:\\\/\\\/hoodclamshell.com\\\/contact\\\/#primaryimage\",\"url\":\"https:\\\/\\\/hoodclamshell.com\\\/wp-content\\\/uploads\\\/2024\\\/12\\\/CND-Coquille-de-reniflage-iso-kf-1024x377.jpg\",\"contentUrl\":\"https:\\\/\\\/hoodclamshell.com\\\/wp-content\\\/uploads\\\/2024\\\/12\\\/CND-Coquille-de-reniflage-iso-kf-1024x377.jpg\"},{\"@type\":\"BreadcrumbList\",\"@id\":\"https:\\\/\\\/hoodclamshell.com\\\/contact\\\/#breadcrumb\",\"itemListElement\":[{\"@type\":\"ListItem\",\"position\":1,\"name\":\"Accueil\",\"item\":\"https:\\\/\\\/hoodclamshell.com\\\/\"},{\"@type\":\"ListItem\",\"position\":2,\"name\":\"Contact\"}]},{\"@type\":\"WebSite\",\"@id\":\"https:\\\/\\\/hoodclamshell.com\\\/#website\",\"url\":\"https:\\\/\\\/hoodclamshell.com\\\/\",\"name\":\"3S - HOOD CLAMSHELL\",\"description\":\"CND d&#039;\u00e9tanch\u00e9it\u00e9\",\"publisher\":{\"@id\":\"https:\\\/\\\/hoodclamshell.com\\\/#organization\"},\"alternateName\":\"HOOD CLAMSHELL NDT\",\"potentialAction\":[{\"@type\":\"SearchAction\",\"target\":{\"@type\":\"EntryPoint\",\"urlTemplate\":\"https:\\\/\\\/hoodclamshell.com\\\/?s={search_term_string}\"},\"query-input\":{\"@type\":\"PropertyValueSpecification\",\"valueRequired\":true,\"valueName\":\"search_term_string\"}}],\"inLanguage\":\"en-US\"},{\"@type\":\"Organization\",\"@id\":\"https:\\\/\\\/hoodclamshell.com\\\/#organization\",\"name\":\"3S - Specialized Sealing Solutions\",\"url\":\"https:\\\/\\\/hoodclamshell.com\\\/\",\"logo\":{\"@type\":\"ImageObject\",\"inLanguage\":\"en-US\",\"@id\":\"https:\\\/\\\/hoodclamshell.com\\\/#\\\/schema\\\/logo\\\/image\\\/\",\"url\":\"https:\\\/\\\/hoodclamshell.com\\\/wp-content\\\/uploads\\\/2024\\\/11\\\/3S_logo_2024_v2.png\",\"contentUrl\":\"https:\\\/\\\/hoodclamshell.com\\\/wp-content\\\/uploads\\\/2024\\\/11\\\/3S_logo_2024_v2.png\",\"width\":2362,\"height\":1181,\"caption\":\"3S - Specialized Sealing Solutions\"},\"image\":{\"@id\":\"https:\\\/\\\/hoodclamshell.com\\\/#\\\/schema\\\/logo\\\/image\\\/\"}}]}<\/script>\n<!-- \/ Yoast SEO plugin. -->","yoast_head_json":{"title":"Contact - 3S - HOOD CLAMSHELL","robots":{"index":"index","follow":"follow","max-snippet":"max-snippet:-1","max-image-preview":"max-image-preview:large","max-video-preview":"max-video-preview:-1"},"canonical":"https:\/\/hoodclamshell.com\/en\/contact\/","og_locale":"en_US","og_type":"article","og_title":"Contact - 3S - HOOD CLAMSHELL","og_description":"Contactez nous Veuillez saisir votre demande ci-dessous, nous vous r\u00e9pondrons dans les plus brefs d\u00e9lais. Veuillez activer JavaScript dans votre navigateur pour remplir ce formulaire.Veuillez activer JavaScript dans votre navigateur pour remplir ce formulaire.Nom *Adresse email *SujectMessage * Envoyer message","og_url":"https:\/\/hoodclamshell.com\/en\/contact\/","og_site_name":"3S - HOOD CLAMSHELL","article_modified_time":"2024-12-11T11:13:49+00:00","og_image":[{"width":2560,"height":942,"url":"https:\/\/hoodclamshell.com\/wp-content\/uploads\/2024\/12\/CND-Coquille-de-reniflage-iso-kf-scaled.jpg","type":"image\/jpeg"}],"twitter_card":"summary_large_image","schema":{"@context":"https:\/\/schema.org","@graph":[{"@type":"WebPage","@id":"https:\/\/hoodclamshell.com\/contact\/","url":"https:\/\/hoodclamshell.com\/contact\/","name":"Contact - 3S - HOOD CLAMSHELL","isPartOf":{"@id":"https:\/\/hoodclamshell.com\/#website"},"primaryImageOfPage":{"@id":"https:\/\/hoodclamshell.com\/contact\/#primaryimage"},"image":{"@id":"https:\/\/hoodclamshell.com\/contact\/#primaryimage"},"thumbnailUrl":"https:\/\/hoodclamshell.com\/wp-content\/uploads\/2024\/12\/CND-Coquille-de-reniflage-iso-kf-1024x377.jpg","datePublished":"2020-08-17T16:14:31+00:00","dateModified":"2024-12-11T11:13:49+00:00","breadcrumb":{"@id":"https:\/\/hoodclamshell.com\/contact\/#breadcrumb"},"inLanguage":"en-US","potentialAction":[{"@type":"ReadAction","target":["https:\/\/hoodclamshell.com\/contact\/"]}]},{"@type":"ImageObject","inLanguage":"en-US","@id":"https:\/\/hoodclamshell.com\/contact\/#primaryimage","url":"https:\/\/hoodclamshell.com\/wp-content\/uploads\/2024\/12\/CND-Coquille-de-reniflage-iso-kf-1024x377.jpg","contentUrl":"https:\/\/hoodclamshell.com\/wp-content\/uploads\/2024\/12\/CND-Coquille-de-reniflage-iso-kf-1024x377.jpg"},{"@type":"BreadcrumbList","@id":"https:\/\/hoodclamshell.com\/contact\/#breadcrumb","itemListElement":[{"@type":"ListItem","position":1,"name":"Accueil","item":"https:\/\/hoodclamshell.com\/"},{"@type":"ListItem","position":2,"name":"Contact"}]},{"@type":"WebSite","@id":"https:\/\/hoodclamshell.com\/#website","url":"https:\/\/hoodclamshell.com\/","name":"3S - HOOD CLAMSHELL","description":"CND d&#039;\u00e9tanch\u00e9it\u00e9","publisher":{"@id":"https:\/\/hoodclamshell.com\/#organization"},"alternateName":"HOOD CLAMSHELL NDT","potentialAction":[{"@type":"SearchAction","target":{"@type":"EntryPoint","urlTemplate":"https:\/\/hoodclamshell.com\/?s={search_term_string}"},"query-input":{"@type":"PropertyValueSpecification","valueRequired":true,"valueName":"search_term_string"}}],"inLanguage":"en-US"},{"@type":"Organization","@id":"https:\/\/hoodclamshell.com\/#organization","name":"3S - Specialized Sealing Solutions","url":"https:\/\/hoodclamshell.com\/","logo":{"@type":"ImageObject","inLanguage":"en-US","@id":"https:\/\/hoodclamshell.com\/#\/schema\/logo\/image\/","url":"https:\/\/hoodclamshell.com\/wp-content\/uploads\/2024\/11\/3S_logo_2024_v2.png","contentUrl":"https:\/\/hoodclamshell.com\/wp-content\/uploads\/2024\/11\/3S_logo_2024_v2.png","width":2362,"height":1181,"caption":"3S - Specialized Sealing Solutions"},"image":{"@id":"https:\/\/hoodclamshell.com\/#\/schema\/logo\/image\/"}}]}},"_links":{"self":[{"href":"https:\/\/hoodclamshell.com\/en\/wp-json\/wp\/v2\/pages\/285","targetHints":{"allow":["GET"]}}],"collection":[{"href":"https:\/\/hoodclamshell.com\/en\/wp-json\/wp\/v2\/pages"}],"about":[{"href":"https:\/\/hoodclamshell.com\/en\/wp-json\/wp\/v2\/types\/page"}],"author":[{"embeddable":true,"href":"https:\/\/hoodclamshell.com\/en\/wp-json\/wp\/v2\/users\/1"}],"replies":[{"embeddable":true,"href":"https:\/\/hoodclamshell.com\/en\/wp-json\/wp\/v2\/comments?post=285"}],"version-history":[{"count":24,"href":"https:\/\/hoodclamshell.com\/en\/wp-json\/wp\/v2\/pages\/285\/revisions"}],"predecessor-version":[{"id":942,"href":"https:\/\/hoodclamshell.com\/en\/wp-json\/wp\/v2\/pages\/285\/revisions\/942"}],"wp:attachment":[{"href":"https:\/\/hoodclamshell.com\/en\/wp-json\/wp\/v2\/media?parent=285"}],"curies":[{"name":"wp","href":"https:\/\/api.w.org\/{rel}","templated":true}]}}