{"id":848,"date":"2024-12-10T16:16:58","date_gmt":"2024-12-10T15:16:58","guid":{"rendered":"https:\/\/hoodclamshell.com\/?page_id=848"},"modified":"2024-12-10T16:16:58","modified_gmt":"2024-12-10T15:16:58","slug":"mentions-legales","status":"publish","type":"page","link":"https:\/\/hoodclamshell.com\/en\/mentions-legales\/","title":{"rendered":"Legal Notices"},"content":{"rendered":"<p>In accordance with the provisions of Law No. 2004-575 of June 21, 2004 for Confidence in the Digital Economy, it is brought to the attention of users and visitors, hereinafter the \u201c\u00a0<strong>user<\/strong>\", from the site www.hoodclamshell.com, hereinafter the \"\u00a0<strong>website<\/strong>\", these legal notices.<\/p>\n\n\n\n<p>Connection and navigation on the Site by the User implies full and unreserved acceptance of these legal notices.<\/p>\n\n\n\n<p>These are accessible on the Site under the heading \u201c\u00a0<strong>Legal notices<\/strong>\u00ab\u00a0.<\/p>\n\n\n\n<h2 class=\"wp-block-heading\"><strong>Editing the site<\/strong><\/h2>\n\n\n\n<p>The Site is published by the company 3S \u2013 SPECIALIZED SEALING SOLUTIONS, SAS with capital of 29,415 euros, registered in the Bayonne Trade and Companies Register under number 539402743, whose head office is located at 3 avenue Jean Rumeau 64250 Cambo les Bains,<\/p>\n\n\n\n<p><strong>Phone number<\/strong> : 05 59 64 52 12<\/p>\n\n\n\n<p><strong>Email address<\/strong> : yohann.pauget@3s-seals.com.<\/p>\n\n\n\n<p><strong>Intracommunity VAT number<\/strong> : FR18539402743<\/p>\n\n\n\n<p><strong>Director of publication<\/strong> : Pauget Yohann<\/p>\n\n\n\n<p>hereinafter the \u00bb<strong>Editor<\/strong>\u00ab\u00a0.<\/p>\n\n\n\n<h2 class=\"wp-block-heading\">Host<\/h2>\n\n\n\n<p><br>The Site is hosted by the company OVH, whose head office is located at 2 rue Kellermann 59100 Roubaix.<\/p>\n\n\n\n<h2 class=\"wp-block-heading\">Access to the site<\/h2>\n\n\n\n<p><br>The Site is normally accessible, at any time, to the User. However, the Publisher may, at any time, suspend, limit or interrupt the Site in order to carry out, in particular, updates or modifications to its content. The Publisher cannot under any circumstances be held responsible for the possible consequences of this unavailability on the User's activities.<\/p>\n\n\n\n<h2 class=\"wp-block-heading\"><strong>Data collection<\/strong><\/h2>\n\n\n\n<p>The Site ensures that the User collects and processes personal data with respect for privacy in accordance with Law No. 78-17 of January 6, 1978 relating to information technology, files and freedoms and in compliance with the applicable regulations regarding the processing of personal data in accordance with Regulation (EU) 2016\/679 of the European Parliament and of the Council of April 27, 2016 (hereinafter, together, the \u201c\u00a0<strong>Regulations applicable to the protection of Personal Data<\/strong>\u00ab\u00a0).<\/p>\n\n\n\n<p>Under the applicable Regulations regarding the protection of Personal Data, the User has the right to access, rectify, delete and oppose their personal data. The User can exercise this right:<\/p>\n\n\n\n<ul class=\"wp-block-list\">\n<li>by email to the email address yohann.pauget@3s-seals.com<\/li>\n<\/ul>\n\n\n\n<p>Any use, reproduction, distribution, marketing, modification of all or part of the Site, without express authorization from the Publisher is prohibited and may result in legal actions and proceedings as provided for by the regulations in force.<\/p>","protected":false},"excerpt":{"rendered":"<p>Conform\u00e9ment aux dispositions de la loi n\u00b02004-575 du 21 juin 2004 pour la Confiance en l\u2019\u00e9conomie num\u00e9rique, il est port\u00e9 \u00e0 la connaissance des utilisateurs et visiteurs, ci-apr\u00e8s l&rsquo; \u00ab\u00a0Utilisateur\u00ab\u00a0, du site www.hoodclamshell.com , ci-apr\u00e8s le \u00ab\u00a0Site\u00ab\u00a0, les pr\u00e9sentes mentions l\u00e9gales. La connexion et la navigation sur le Site par l\u2019Utilisateur implique acceptation int\u00e9grale et [&hellip;]<\/p>\n","protected":false},"author":1,"featured_media":0,"parent":0,"menu_order":0,"comment_status":"closed","ping_status":"closed","template":"","meta":{"footnotes":""},"class_list":["post-848","page","type-page","status-publish","hentry"],"blocksy_meta":[],"yoast_head":"<!-- This site is optimized with the Yoast SEO plugin v27.4 - https:\/\/yoast.com\/product\/yoast-seo-wordpress\/ -->\n<title>Mentions L\u00e9gales - 3S - HOOD CLAMSHELL<\/title>\n<meta name=\"robots\" content=\"index, follow, max-snippet:-1, max-image-preview:large, max-video-preview:-1\" \/>\n<link rel=\"canonical\" href=\"https:\/\/hoodclamshell.com\/en\/mentions-legales\/\" \/>\n<meta property=\"og:locale\" content=\"en_US\" \/>\n<meta property=\"og:type\" content=\"article\" \/>\n<meta property=\"og:title\" content=\"Mentions L\u00e9gales - 3S - HOOD CLAMSHELL\" \/>\n<meta property=\"og:description\" content=\"Conform\u00e9ment aux dispositions de la loi n\u00b02004-575 du 21 juin 2004 pour la Confiance en l\u2019\u00e9conomie num\u00e9rique, il est port\u00e9 \u00e0 la connaissance des utilisateurs et visiteurs, ci-apr\u00e8s l&rsquo; \u00ab\u00a0Utilisateur\u00ab\u00a0, du site www.hoodclamshell.com , ci-apr\u00e8s le \u00ab\u00a0Site\u00ab\u00a0, les pr\u00e9sentes mentions l\u00e9gales. La connexion et la navigation sur le Site par l\u2019Utilisateur implique acceptation int\u00e9grale et [&hellip;]\" \/>\n<meta property=\"og:url\" content=\"https:\/\/hoodclamshell.com\/en\/mentions-legales\/\" \/>\n<meta property=\"og:site_name\" content=\"3S - HOOD CLAMSHELL\" \/>\n<meta property=\"og:image\" content=\"https:\/\/hoodclamshell.com\/wp-content\/uploads\/2024\/12\/CND-coquille-tube-iso-kf-scaled.jpg\" \/>\n\t<meta property=\"og:image:width\" content=\"2560\" \/>\n\t<meta property=\"og:image:height\" content=\"1707\" \/>\n\t<meta property=\"og:image:type\" content=\"image\/jpeg\" \/>\n<meta name=\"twitter:card\" content=\"summary_large_image\" \/>\n<meta name=\"twitter:label1\" content=\"Est. reading time\" \/>\n\t<meta name=\"twitter:data1\" content=\"2 minutes\" \/>\n<script type=\"application\/ld+json\" class=\"yoast-schema-graph\">{\"@context\":\"https:\\\/\\\/schema.org\",\"@graph\":[{\"@type\":\"WebPage\",\"@id\":\"https:\\\/\\\/hoodclamshell.com\\\/mentions-legales\\\/\",\"url\":\"https:\\\/\\\/hoodclamshell.com\\\/mentions-legales\\\/\",\"name\":\"Mentions L\u00e9gales - 3S - HOOD CLAMSHELL\",\"isPartOf\":{\"@id\":\"https:\\\/\\\/hoodclamshell.com\\\/#website\"},\"datePublished\":\"2024-12-10T15:16:58+00:00\",\"breadcrumb\":{\"@id\":\"https:\\\/\\\/hoodclamshell.com\\\/mentions-legales\\\/#breadcrumb\"},\"inLanguage\":\"en-US\",\"potentialAction\":[{\"@type\":\"ReadAction\",\"target\":[\"https:\\\/\\\/hoodclamshell.com\\\/mentions-legales\\\/\"]}]},{\"@type\":\"BreadcrumbList\",\"@id\":\"https:\\\/\\\/hoodclamshell.com\\\/mentions-legales\\\/#breadcrumb\",\"itemListElement\":[{\"@type\":\"ListItem\",\"position\":1,\"name\":\"Accueil\",\"item\":\"https:\\\/\\\/hoodclamshell.com\\\/\"},{\"@type\":\"ListItem\",\"position\":2,\"name\":\"Mentions L\u00e9gales\"}]},{\"@type\":\"WebSite\",\"@id\":\"https:\\\/\\\/hoodclamshell.com\\\/#website\",\"url\":\"https:\\\/\\\/hoodclamshell.com\\\/\",\"name\":\"3S - HOOD CLAMSHELL\",\"description\":\"CND d&#039;\u00e9tanch\u00e9it\u00e9\",\"publisher\":{\"@id\":\"https:\\\/\\\/hoodclamshell.com\\\/#organization\"},\"alternateName\":\"HOOD CLAMSHELL NDT\",\"potentialAction\":[{\"@type\":\"SearchAction\",\"target\":{\"@type\":\"EntryPoint\",\"urlTemplate\":\"https:\\\/\\\/hoodclamshell.com\\\/?s={search_term_string}\"},\"query-input\":{\"@type\":\"PropertyValueSpecification\",\"valueRequired\":true,\"valueName\":\"search_term_string\"}}],\"inLanguage\":\"en-US\"},{\"@type\":\"Organization\",\"@id\":\"https:\\\/\\\/hoodclamshell.com\\\/#organization\",\"name\":\"3S - Specialized Sealing Solutions\",\"url\":\"https:\\\/\\\/hoodclamshell.com\\\/\",\"logo\":{\"@type\":\"ImageObject\",\"inLanguage\":\"en-US\",\"@id\":\"https:\\\/\\\/hoodclamshell.com\\\/#\\\/schema\\\/logo\\\/image\\\/\",\"url\":\"https:\\\/\\\/hoodclamshell.com\\\/wp-content\\\/uploads\\\/2024\\\/11\\\/3S_logo_2024_v2.png\",\"contentUrl\":\"https:\\\/\\\/hoodclamshell.com\\\/wp-content\\\/uploads\\\/2024\\\/11\\\/3S_logo_2024_v2.png\",\"width\":2362,\"height\":1181,\"caption\":\"3S - Specialized Sealing Solutions\"},\"image\":{\"@id\":\"https:\\\/\\\/hoodclamshell.com\\\/#\\\/schema\\\/logo\\\/image\\\/\"}}]}<\/script>\n<!-- \/ Yoast SEO plugin. -->","yoast_head_json":{"title":"Mentions L\u00e9gales - 3S - HOOD CLAMSHELL","robots":{"index":"index","follow":"follow","max-snippet":"max-snippet:-1","max-image-preview":"max-image-preview:large","max-video-preview":"max-video-preview:-1"},"canonical":"https:\/\/hoodclamshell.com\/en\/mentions-legales\/","og_locale":"en_US","og_type":"article","og_title":"Mentions L\u00e9gales - 3S - HOOD CLAMSHELL","og_description":"Conform\u00e9ment aux dispositions de la loi n\u00b02004-575 du 21 juin 2004 pour la Confiance en l\u2019\u00e9conomie num\u00e9rique, il est port\u00e9 \u00e0 la connaissance des utilisateurs et visiteurs, ci-apr\u00e8s l&rsquo; \u00ab\u00a0Utilisateur\u00ab\u00a0, du site www.hoodclamshell.com , ci-apr\u00e8s le \u00ab\u00a0Site\u00ab\u00a0, les pr\u00e9sentes mentions l\u00e9gales. La connexion et la navigation sur le Site par l\u2019Utilisateur implique acceptation int\u00e9grale et [&hellip;]","og_url":"https:\/\/hoodclamshell.com\/en\/mentions-legales\/","og_site_name":"3S - HOOD CLAMSHELL","og_image":[{"width":2560,"height":1707,"url":"https:\/\/hoodclamshell.com\/wp-content\/uploads\/2024\/12\/CND-coquille-tube-iso-kf-scaled.jpg","type":"image\/jpeg"}],"twitter_card":"summary_large_image","twitter_misc":{"Est. reading time":"2 minutes"},"schema":{"@context":"https:\/\/schema.org","@graph":[{"@type":"WebPage","@id":"https:\/\/hoodclamshell.com\/mentions-legales\/","url":"https:\/\/hoodclamshell.com\/mentions-legales\/","name":"Mentions L\u00e9gales - 3S - HOOD CLAMSHELL","isPartOf":{"@id":"https:\/\/hoodclamshell.com\/#website"},"datePublished":"2024-12-10T15:16:58+00:00","breadcrumb":{"@id":"https:\/\/hoodclamshell.com\/mentions-legales\/#breadcrumb"},"inLanguage":"en-US","potentialAction":[{"@type":"ReadAction","target":["https:\/\/hoodclamshell.com\/mentions-legales\/"]}]},{"@type":"BreadcrumbList","@id":"https:\/\/hoodclamshell.com\/mentions-legales\/#breadcrumb","itemListElement":[{"@type":"ListItem","position":1,"name":"Accueil","item":"https:\/\/hoodclamshell.com\/"},{"@type":"ListItem","position":2,"name":"Mentions L\u00e9gales"}]},{"@type":"WebSite","@id":"https:\/\/hoodclamshell.com\/#website","url":"https:\/\/hoodclamshell.com\/","name":"3S - HOOD CLAMSHELL","description":"CND d&#039;\u00e9tanch\u00e9it\u00e9","publisher":{"@id":"https:\/\/hoodclamshell.com\/#organization"},"alternateName":"HOOD CLAMSHELL NDT","potentialAction":[{"@type":"SearchAction","target":{"@type":"EntryPoint","urlTemplate":"https:\/\/hoodclamshell.com\/?s={search_term_string}"},"query-input":{"@type":"PropertyValueSpecification","valueRequired":true,"valueName":"search_term_string"}}],"inLanguage":"en-US"},{"@type":"Organization","@id":"https:\/\/hoodclamshell.com\/#organization","name":"3S - Specialized Sealing Solutions","url":"https:\/\/hoodclamshell.com\/","logo":{"@type":"ImageObject","inLanguage":"en-US","@id":"https:\/\/hoodclamshell.com\/#\/schema\/logo\/image\/","url":"https:\/\/hoodclamshell.com\/wp-content\/uploads\/2024\/11\/3S_logo_2024_v2.png","contentUrl":"https:\/\/hoodclamshell.com\/wp-content\/uploads\/2024\/11\/3S_logo_2024_v2.png","width":2362,"height":1181,"caption":"3S - Specialized Sealing Solutions"},"image":{"@id":"https:\/\/hoodclamshell.com\/#\/schema\/logo\/image\/"}}]}},"_links":{"self":[{"href":"https:\/\/hoodclamshell.com\/en\/wp-json\/wp\/v2\/pages\/848","targetHints":{"allow":["GET"]}}],"collection":[{"href":"https:\/\/hoodclamshell.com\/en\/wp-json\/wp\/v2\/pages"}],"about":[{"href":"https:\/\/hoodclamshell.com\/en\/wp-json\/wp\/v2\/types\/page"}],"author":[{"embeddable":true,"href":"https:\/\/hoodclamshell.com\/en\/wp-json\/wp\/v2\/users\/1"}],"replies":[{"embeddable":true,"href":"https:\/\/hoodclamshell.com\/en\/wp-json\/wp\/v2\/comments?post=848"}],"version-history":[{"count":1,"href":"https:\/\/hoodclamshell.com\/en\/wp-json\/wp\/v2\/pages\/848\/revisions"}],"predecessor-version":[{"id":849,"href":"https:\/\/hoodclamshell.com\/en\/wp-json\/wp\/v2\/pages\/848\/revisions\/849"}],"wp:attachment":[{"href":"https:\/\/hoodclamshell.com\/en\/wp-json\/wp\/v2\/media?parent=848"}],"curies":[{"name":"wp","href":"https:\/\/api.w.org\/{rel}","templated":true}]}}